{"id":2077,"date":"2022-02-28T15:50:15","date_gmt":"2022-02-28T14:50:15","guid":{"rendered":"https:\/\/www.camping-le-gue.com\/tourisme-val-de-loire\/"},"modified":"2022-03-23T12:03:53","modified_gmt":"2022-03-23T11:03:53","slug":"tourism-val-de-loire","status":"publish","type":"page","link":"https:\/\/www.camping-le-gue.com\/en\/tourism-val-de-loire\/","title":{"rendered":"Val de Loire"},"content":{"rendered":"<section id=\"section-6203e872536d7\"\" class=\"section page-one bg-color3\" \/><div class=\"container extralarge\"><h1 class=\"element section-title center\">Tourism in the Val de Loire<\/h1><div class=\"colonnes-wrap valign-middle \"><div class=\"element colonne w-60\"><div class=\"element images\"><div class=\"image\"><img decoding=\"async\" src=\"https:\/\/www.camping-le-gue.com\/wp-content\/uploads\/2022\/03\/promenade-foret-sologne-100x67.jpg\" data-src=\"https:\/\/www.camping-le-gue.com\/wp-content\/uploads\/2022\/03\/promenade-foret-sologne.jpg\" alt=\"promenade foret sologne\" class=\"images_image has-b-b-r-r\" \/><\/div><\/div><\/div><div class=\"element colonne w-40\"><h2 class=\"element section-title justify\">The forest of Sologne<\/h2><div class=\"element bloc-text justify \">\n\t<p>Among the places of tourist interest near the <a href=\"\/en\/\">campsite Le Gue<\/a> is the famous Sologne forest. <strong class=\"bold color4\">Pine and job forest<\/strong>, it covers three quarters of the solognot country. The Sologne is made up of both <strong class=\"bold color4\">forests and beautiful ponds<\/strong>. Walks and hikes are the order of the day and will delight nature lovers. <\/p>\n<p>Tourism around Chambord in the Sologne is recommended for those of you who wish to recharge your batteries and merge with the environment in its most authentic form.<\/p>\n<\/div><\/div><\/div><\/div><\/section>\n\n<section id=\"section-6203e87253821\"\" data-bg-opacite=\"0.2\"data-background=\"https:\/\/www.camping-le-gue.com\/wp-content\/uploads\/2022\/03\/decouvrir-chateaux-de-la-loire.jpg\"data-speed=\"0.8\"class=\"section page-two bg-white p-t-0 p-b-0 section--has-bg-img section_bg-parallax\" \/><div class=\"container full\"><\/div><\/section>\n\n<section id=\"section-6203e872539b6\"\" class=\"section page-three bg-color2\" \/><div class=\"container extralarge\"><div class=\"colonnes-wrap valign-middle \"><div class=\"element colonne w-40\"><h2 class=\"element section-title justify\">Visit the castles of the Val de Loire<\/h2><div class=\"element bloc-text justify \">\n\t<p>The campsite Le Gu\u00e9 is ideally located near the <a href=\"\/en\/campsite-chambord-castle\/\">Chambord castle<\/a> to also visit the other Ch\u00e2teaux of the Loire.<\/p>\n<p>Discover on your way Cheverny, Blois, Valen\u00e7ay, Chenonceau and some private castles as well. Among the latter, you will find the feudal castle of Ch\u00e9mery, the Ch\u00e2teau du Moulin or Troussay, the smallest of the Loire castles.<\/p>\n<\/div><\/div><div class=\"element colonne w-60\"><div class=\"element images\"><div class=\"image\"><img decoding=\"async\" src=\"https:\/\/www.camping-le-gue.com\/wp-content\/uploads\/2022\/03\/visiter-chateaux-loire-100x67.jpg\" data-src=\"https:\/\/www.camping-le-gue.com\/wp-content\/uploads\/2022\/03\/visiter-chateaux-loire.jpg\" alt=\"visiter chateaux loire\" class=\"images_image has-b-b-l-r\" \/><\/div><\/div><\/div><\/div><\/div><\/section>\n\n<section id=\"section-6203e87253b91\"\" class=\"section page-four bg-color1\" \/><div class=\"container extralarge\"><div class=\"colonnes-wrap valign-middle \"><div class=\"element colonne \"><div class=\"element images\"><div class=\"image\"><img decoding=\"async\" src=\"https:\/\/www.camping-le-gue.com\/wp-content\/uploads\/2022\/03\/visiter-caves-a-vin-loire-100x67.jpg\" data-src=\"https:\/\/www.camping-le-gue.com\/wp-content\/uploads\/2022\/03\/visiter-caves-a-vin-loire.jpg\" alt=\"visiter caves a vin loire\" class=\"images_image has-b-b-r-r\" \/><\/div><\/div><\/div><div class=\"element colonne \"><h2 class=\"element section-title justify\">Wine cellar tourism<\/h2><div class=\"element bloc-text justify \">\n\t<p>Our campsite is ideal for <strong class=\"bold color4\">wine tourism around Chambord<\/strong>. For this, we highly recommend the wine cellars of Touraine! <\/p>\n<p>The Vouvray cellar, the Bellevue estate, Pierre and Bertrand Couly&#8217;s, the Grandes Caves Saint Roch &#8211; Blanc Foussy, and more&#8230; <\/p>\n<\/div><\/div><\/div><\/div><\/section>\n\n<section id=\"section-6203e87253c7e\"\" class=\"section page-five bg-color3\" \/><div class=\"container\"><div class=\"element section-title center\">Summary of must-see visits in the Val de Loire<\/div><div class=\"element bloc-text left \">\n\t<p>Here are the places to discover during your stay in the Val de Loire:<\/p>\n<ul>\n<li><a href=\"\/en\/beauval-zoo-tourism\/\">Beauval Zoo<\/a><\/li>\n<li>Wine cellars of Touraine<\/li>\n<li>Ch\u00e2teaux of the Val de Loire<\/li>\n<li>Sologne Forest<\/li>\n<\/ul>\n<\/div><\/div><\/section>\n\n<section id=\"section-620b7aad72d8d\"\" class=\"section cta bg-color1\" \/><div class=\"container large\"><div class=\"element section-title center\">Visit the Beauval Zoo and the Ch\u00e2teau de Chambord<\/div><ul class=\"liste-de-page\"><li class=\"element call-to-action carre call-to-action--style-1 call-to-action--big\"><a href=\"https:\/\/www.camping-le-gue.com\/en\/mobile-home-rental-chemery\/\"  class=\"call-to-action_link\" title=\"Read more about our mobile homes\"><div class=\"call-to-action_image\"><img decoding=\"async\" src=\"https:\/\/www.camping-le-gue.com\/wp-content\/uploads\/2022\/03\/location-mobil-home-val-de-loire-1-100x100.jpg\" data-src=\"https:\/\/www.camping-le-gue.com\/wp-content\/uploads\/2022\/03\/location-mobil-home-val-de-loire-1.jpg\" alt=\"location mobil home val de loire\" class=\"big\" \/><\/div><div class=\"call-to-action_contenu\"><div class=\"call-to-action_titre\">Our mobile homes<\/div><\/div><\/a><\/li><li class=\"element call-to-action carre call-to-action--style-1 call-to-action--big call-to-action--style-1 call-to-action--big\"><a href=\"https:\/\/www.camping-le-gue.com\/en\/beauval-zoo-tourism\/\"  class=\"call-to-action_link\" title=\"Read more about beauval zoo\"><div class=\"call-to-action_image\"><img decoding=\"async\" src=\"https:\/\/www.camping-le-gue.com\/wp-content\/uploads\/2022\/03\/sejour-zoo-beauval-100x100.jpg\" data-src=\"https:\/\/www.camping-le-gue.com\/wp-content\/uploads\/2022\/03\/sejour-zoo-beauval.jpg\" alt=\"sejour zoo beauval\" class=\"big\" \/><\/div><div class=\"call-to-action_contenu\"><div class=\"call-to-action_titre\">Beauval Zoo<\/div><\/div><\/a><\/li><li class=\"element call-to-action carre call-to-action--style-1 call-to-action--big call-to-action--style-1 call-to-action--big call-to-action--style-1 call-to-action--big\"><a href=\"https:\/\/www.camping-le-gue.com\/en\/campsite-chambord-castle\/\"  class=\"call-to-action_link\" title=\"Read more about chambord castle\"><div class=\"call-to-action_image\"><img decoding=\"async\" src=\"https:\/\/www.camping-le-gue.com\/wp-content\/uploads\/2022\/03\/decouvrir-chateau-chambord-100x100.jpg\" data-src=\"https:\/\/www.camping-le-gue.com\/wp-content\/uploads\/2022\/03\/decouvrir-chateau-chambord.jpg\" alt=\"decouvrir chateau chambord\" class=\"big\" \/><\/div><div class=\"call-to-action_contenu\"><div class=\"call-to-action_titre\">Chambord Castle<\/div><\/div><\/a><\/li><\/ul><\/div><\/section>","protected":false},"excerpt":{"rendered":"","protected":false},"author":1,"featured_media":1144,"parent":0,"menu_order":0,"comment_status":"closed","ping_status":"closed","template":"","meta":{"footnotes":""},"class_list":["post-2077","page","type-page","status-publish","has-post-thumbnail","hentry"],"acf":[],"yoast_head":"<!-- This site is optimized with the Yoast SEO plugin v25.3 - https:\/\/yoast.com\/wordpress\/plugins\/seo\/ -->\n<title>Tourism in the Val de Loire | Must-see places in the Val de Loire<\/title>\n<meta name=\"robots\" content=\"index, follow, max-snippet:-1, max-image-preview:large, max-video-preview:-1\" \/>\n<link rel=\"canonical\" href=\"https:\/\/www.camping-le-gue.com\/en\/tourism-val-de-loire\/\" \/>\n<meta property=\"og:locale\" content=\"en_US\" \/>\n<meta property=\"og:type\" content=\"article\" \/>\n<meta property=\"og:title\" content=\"Tourism in the Val de Loire | Must-see places in the Val de Loire\" \/>\n<meta property=\"og:url\" content=\"https:\/\/www.camping-le-gue.com\/en\/tourism-val-de-loire\/\" \/>\n<meta property=\"og:site_name\" content=\"Campsite Le Gue\" \/>\n<meta property=\"article:modified_time\" content=\"2022-03-23T11:03:53+00:00\" \/>\n<meta property=\"og:image\" content=\"https:\/\/www.camping-le-gue.com\/wp-content\/uploads\/2022\/03\/tourisme-val-de-loire-1.jpg\" \/>\n\t<meta property=\"og:image:width\" content=\"1900\" \/>\n\t<meta property=\"og:image:height\" content=\"500\" \/>\n\t<meta property=\"og:image:type\" content=\"image\/jpeg\" \/>\n<meta name=\"twitter:card\" content=\"summary_large_image\" \/>\n<script type=\"application\/ld+json\" class=\"yoast-schema-graph\">{\"@context\":\"https:\/\/schema.org\",\"@graph\":[{\"@type\":\"WebPage\",\"@id\":\"https:\/\/www.camping-le-gue.com\/en\/tourism-val-de-loire\/\",\"url\":\"https:\/\/www.camping-le-gue.com\/en\/tourism-val-de-loire\/\",\"name\":\"Tourism in the Val de Loire | Must-see places in the Val de Loire\",\"isPartOf\":{\"@id\":\"https:\/\/www.camping-le-gue.com\/en\/#website\"},\"primaryImageOfPage\":{\"@id\":\"https:\/\/www.camping-le-gue.com\/en\/tourism-val-de-loire\/#primaryimage\"},\"image\":{\"@id\":\"https:\/\/www.camping-le-gue.com\/en\/tourism-val-de-loire\/#primaryimage\"},\"thumbnailUrl\":\"https:\/\/www.camping-le-gue.com\/wp-content\/uploads\/2022\/03\/tourisme-val-de-loire-1.jpg\",\"datePublished\":\"2022-02-28T14:50:15+00:00\",\"dateModified\":\"2022-03-23T11:03:53+00:00\",\"breadcrumb\":{\"@id\":\"https:\/\/www.camping-le-gue.com\/en\/tourism-val-de-loire\/#breadcrumb\"},\"inLanguage\":\"en-US\",\"potentialAction\":[{\"@type\":\"ReadAction\",\"target\":[\"https:\/\/www.camping-le-gue.com\/en\/tourism-val-de-loire\/\"]}]},{\"@type\":\"ImageObject\",\"inLanguage\":\"en-US\",\"@id\":\"https:\/\/www.camping-le-gue.com\/en\/tourism-val-de-loire\/#primaryimage\",\"url\":\"https:\/\/www.camping-le-gue.com\/wp-content\/uploads\/2022\/03\/tourisme-val-de-loire-1.jpg\",\"contentUrl\":\"https:\/\/www.camping-le-gue.com\/wp-content\/uploads\/2022\/03\/tourisme-val-de-loire-1.jpg\",\"width\":1900,\"height\":500,\"caption\":\"tourisme val de loire\"},{\"@type\":\"BreadcrumbList\",\"@id\":\"https:\/\/www.camping-le-gue.com\/en\/tourism-val-de-loire\/#breadcrumb\",\"itemListElement\":[{\"@type\":\"ListItem\",\"position\":1,\"name\":\"Campsite Loir et Cher\",\"item\":\"https:\/\/www.camping-le-gue.com\/en\/\"},{\"@type\":\"ListItem\",\"position\":2,\"name\":\"Discover the Val de Loire\"}]},{\"@type\":\"WebSite\",\"@id\":\"https:\/\/www.camping-le-gue.com\/en\/#website\",\"url\":\"https:\/\/www.camping-le-gue.com\/en\/\",\"name\":\"Campsite Le Gue\",\"description\":\"\",\"publisher\":{\"@id\":\"https:\/\/www.camping-le-gue.com\/en\/#organization\"},\"potentialAction\":[{\"@type\":\"SearchAction\",\"target\":{\"@type\":\"EntryPoint\",\"urlTemplate\":\"https:\/\/www.camping-le-gue.com\/en\/?s={search_term_string}\"},\"query-input\":{\"@type\":\"PropertyValueSpecification\",\"valueRequired\":true,\"valueName\":\"search_term_string\"}}],\"inLanguage\":\"en-US\"},{\"@type\":\"Organization\",\"@id\":\"https:\/\/www.camping-le-gue.com\/en\/#organization\",\"name\":\"Camping Le Gu\u00e9\",\"url\":\"https:\/\/www.camping-le-gue.com\/en\/\",\"logo\":{\"@type\":\"ImageObject\",\"inLanguage\":\"en-US\",\"@id\":\"https:\/\/www.camping-le-gue.com\/en\/#\/schema\/logo\/image\/\",\"url\":\"https:\/\/www.camping-le-gue.com\/wp-content\/uploads\/2022\/01\/camping-le-gue-logo.png\",\"contentUrl\":\"https:\/\/www.camping-le-gue.com\/wp-content\/uploads\/2022\/01\/camping-le-gue-logo.png\",\"width\":1168,\"height\":909,\"caption\":\"Camping Le Gu\u00e9\"},\"image\":{\"@id\":\"https:\/\/www.camping-le-gue.com\/en\/#\/schema\/logo\/image\/\"}}]}<\/script>\n<!-- \/ Yoast SEO plugin. -->","yoast_head_json":{"title":"Tourism in the Val de Loire | Must-see places in the Val de Loire","robots":{"index":"index","follow":"follow","max-snippet":"max-snippet:-1","max-image-preview":"max-image-preview:large","max-video-preview":"max-video-preview:-1"},"canonical":"https:\/\/www.camping-le-gue.com\/en\/tourism-val-de-loire\/","og_locale":"en_US","og_type":"article","og_title":"Tourism in the Val de Loire | Must-see places in the Val de Loire","og_url":"https:\/\/www.camping-le-gue.com\/en\/tourism-val-de-loire\/","og_site_name":"Campsite Le Gue","article_modified_time":"2022-03-23T11:03:53+00:00","og_image":[{"width":1900,"height":500,"url":"https:\/\/www.camping-le-gue.com\/wp-content\/uploads\/2022\/03\/tourisme-val-de-loire-1.jpg","type":"image\/jpeg"}],"twitter_card":"summary_large_image","schema":{"@context":"https:\/\/schema.org","@graph":[{"@type":"WebPage","@id":"https:\/\/www.camping-le-gue.com\/en\/tourism-val-de-loire\/","url":"https:\/\/www.camping-le-gue.com\/en\/tourism-val-de-loire\/","name":"Tourism in the Val de Loire | Must-see places in the Val de Loire","isPartOf":{"@id":"https:\/\/www.camping-le-gue.com\/en\/#website"},"primaryImageOfPage":{"@id":"https:\/\/www.camping-le-gue.com\/en\/tourism-val-de-loire\/#primaryimage"},"image":{"@id":"https:\/\/www.camping-le-gue.com\/en\/tourism-val-de-loire\/#primaryimage"},"thumbnailUrl":"https:\/\/www.camping-le-gue.com\/wp-content\/uploads\/2022\/03\/tourisme-val-de-loire-1.jpg","datePublished":"2022-02-28T14:50:15+00:00","dateModified":"2022-03-23T11:03:53+00:00","breadcrumb":{"@id":"https:\/\/www.camping-le-gue.com\/en\/tourism-val-de-loire\/#breadcrumb"},"inLanguage":"en-US","potentialAction":[{"@type":"ReadAction","target":["https:\/\/www.camping-le-gue.com\/en\/tourism-val-de-loire\/"]}]},{"@type":"ImageObject","inLanguage":"en-US","@id":"https:\/\/www.camping-le-gue.com\/en\/tourism-val-de-loire\/#primaryimage","url":"https:\/\/www.camping-le-gue.com\/wp-content\/uploads\/2022\/03\/tourisme-val-de-loire-1.jpg","contentUrl":"https:\/\/www.camping-le-gue.com\/wp-content\/uploads\/2022\/03\/tourisme-val-de-loire-1.jpg","width":1900,"height":500,"caption":"tourisme val de loire"},{"@type":"BreadcrumbList","@id":"https:\/\/www.camping-le-gue.com\/en\/tourism-val-de-loire\/#breadcrumb","itemListElement":[{"@type":"ListItem","position":1,"name":"Campsite Loir et Cher","item":"https:\/\/www.camping-le-gue.com\/en\/"},{"@type":"ListItem","position":2,"name":"Discover the Val de Loire"}]},{"@type":"WebSite","@id":"https:\/\/www.camping-le-gue.com\/en\/#website","url":"https:\/\/www.camping-le-gue.com\/en\/","name":"Campsite Le Gue","description":"","publisher":{"@id":"https:\/\/www.camping-le-gue.com\/en\/#organization"},"potentialAction":[{"@type":"SearchAction","target":{"@type":"EntryPoint","urlTemplate":"https:\/\/www.camping-le-gue.com\/en\/?s={search_term_string}"},"query-input":{"@type":"PropertyValueSpecification","valueRequired":true,"valueName":"search_term_string"}}],"inLanguage":"en-US"},{"@type":"Organization","@id":"https:\/\/www.camping-le-gue.com\/en\/#organization","name":"Camping Le Gu\u00e9","url":"https:\/\/www.camping-le-gue.com\/en\/","logo":{"@type":"ImageObject","inLanguage":"en-US","@id":"https:\/\/www.camping-le-gue.com\/en\/#\/schema\/logo\/image\/","url":"https:\/\/www.camping-le-gue.com\/wp-content\/uploads\/2022\/01\/camping-le-gue-logo.png","contentUrl":"https:\/\/www.camping-le-gue.com\/wp-content\/uploads\/2022\/01\/camping-le-gue-logo.png","width":1168,"height":909,"caption":"Camping Le Gu\u00e9"},"image":{"@id":"https:\/\/www.camping-le-gue.com\/en\/#\/schema\/logo\/image\/"}}]}},"_links":{"self":[{"href":"https:\/\/www.camping-le-gue.com\/en\/wp-json\/wp\/v2\/pages\/2077","targetHints":{"allow":["GET"]}}],"collection":[{"href":"https:\/\/www.camping-le-gue.com\/en\/wp-json\/wp\/v2\/pages"}],"about":[{"href":"https:\/\/www.camping-le-gue.com\/en\/wp-json\/wp\/v2\/types\/page"}],"author":[{"embeddable":true,"href":"https:\/\/www.camping-le-gue.com\/en\/wp-json\/wp\/v2\/users\/1"}],"replies":[{"embeddable":true,"href":"https:\/\/www.camping-le-gue.com\/en\/wp-json\/wp\/v2\/comments?post=2077"}],"version-history":[{"count":13,"href":"https:\/\/www.camping-le-gue.com\/en\/wp-json\/wp\/v2\/pages\/2077\/revisions"}],"predecessor-version":[{"id":2275,"href":"https:\/\/www.camping-le-gue.com\/en\/wp-json\/wp\/v2\/pages\/2077\/revisions\/2275"}],"wp:featuredmedia":[{"embeddable":true,"href":"https:\/\/www.camping-le-gue.com\/en\/wp-json\/wp\/v2\/media\/1144"}],"wp:attachment":[{"href":"https:\/\/www.camping-le-gue.com\/en\/wp-json\/wp\/v2\/media?parent=2077"}],"curies":[{"name":"wp","href":"https:\/\/api.w.org\/{rel}","templated":true}]}}